{"id":57,"date":"2018-01-03T12:13:12","date_gmt":"2018-01-03T11:13:12","guid":{"rendered":"http:\/\/www.barret.coop\/cas\/?page_id=57"},"modified":"2025-03-31T17:21:28","modified_gmt":"2025-03-31T15:21:28","slug":"transparencia","status":"publish","type":"page","link":"https:\/\/www.barret.coop\/cas\/transparencia\/","title":{"rendered":"Portal de transparencia"},"content":{"rendered":"<article>\n<div class=\"field field-name-body field-type-text-with-summary field-label-hidden\">\n<div class=\"field-items\">\n<div class=\"field-item even\">\n<p>En cumplimiento de la Ley 2\/2015, de 2 de abril, de la Generalitat, de Transpar\u00e8ncia, Bon Govern i Participaci\u00f3 Ciutadana del Pa\u00eds Valenci\u00e0, publicamos a continuaci\u00f3n la relaci\u00f3n de subvenciones concedidas a Barret Cooperativa Valenciana:<\/p>\n<p>Concedente: CulturArts &#8211; Conselleria d\u2019Educaci\u00f3, Cultura i Esport<br \/>\nImporte: 60.000 euros<br \/>\nFecha: 31 de diciembre de 2015<br \/>\nObjeto: Ayudas de 2015 a la producci\u00f3n audiovisual, al largometraje documental con t\u00edtulo <strong>La estrategia del silencio<\/strong>.<\/p>\n<p>Concedente: Servicio P\u00fablico de Empleo Estatal (SEPE)<br \/>\nImporte: 17.000 euros<br \/>\nFecha: 12 de enero de 2016<br \/>\nObjeto: Incorporaci\u00f3n de socias a la cooperativa<\/p>\n<p>Concedente: CulturArts &#8211; Conselleria d\u2019Educaci\u00f3, Cultura i Esport<br \/>\nImporte: 68.313 euros<br \/>\nFecha: 19 de octubre de 2017<br \/>\nObjeto: Ayudas para la producci\u00f3n audiovisual, al largometraje documental <strong>Resistencia trans<br \/>\n<\/strong><\/p>\n<p>Concedente: Conselleria d&#8217;Economia Sostenible. Direcci\u00f3 General d&#8217;Economia, Empredenoria i Cooperativisme<br \/>\nImporte: 13.544,88 euros<br \/>\nFecha: 30 de octubre de 2017<br \/>\nObjeto: Ayudas a la inversi\u00f3n<\/p>\n<\/div>\n<p>Concedente: Institut Valenci\u00e0 de Cultura<br \/>\nImporte: 32.000 euros<br \/>\nFecha: 16 de octubre de 2018<br \/>\nObjeto: Ayudas a la producci\u00f3n audiovisual, al cortometraje documental <strong>La Desbanda<\/strong><\/p>\n<\/div>\n<p>Concedente: Institut Valenci\u00e0 de Cultura<br \/>\nImporte: 90.000 euros<br \/>\nFecha: 30 de noviembre de 2020<br \/>\nObjeto: Ayudas a la producci\u00f3n audiovisual, al largometraje documental <strong>Parir al segle XXI<br \/>\n<\/strong><\/p>\n<p>Concedente: Conselleria d&#8217;Economia Sostenible. Direcci\u00f3 General d&#8217;Economia, Empredenoria i Cooperativisme<br \/>\nImporte: 6.395,15 euros<br \/>\nFecha: 2 de diciembre de 2020<br \/>\nObjeto: Ayudas a la inversi\u00f3n<\/p>\n<\/div>\n<p>Concedente: Institut Valenci\u00e0 de Cultura<br \/>\nImporte: 90.000 euros<br \/>\nFecha: 28 de diciemebre de 2022<br \/>\nObjeto: Ayudas a la producci\u00f3n audiovisual, al largometraje documental <strong>La riproposta<\/strong><\/p>\n<p>Concedente: Institut Valenci\u00e0 de Cultura<br \/>\nImporte: 90.000 euros<br \/>\nFecha: 20 de diciembre de 2023<br \/>\nObjeto: Ayudas a la producci\u00f3n audiovisual, al largometraje documental <strong>Cada dia \u00e9s un regal<\/strong><\/p>\n<p>Concedente: Conselleria d\u2019Educaci\u00f3, Cultura, Universitats i Ocupaci\u00f3<br \/>\nImporte: 2.656,37 euros<br \/>\nFecha: 9 de agosto de 2024<br \/>\nObjeto: Ayudas a la inversi\u00f3n<\/p>\n<p>Concedente: Institut Valenci\u00e0 de Cultura<br \/>\nImporte: 90.000 euros<br \/>\nFecha: 18 de diciembre de 2024<br \/>\nObjeto: ayudas a la producci\u00f3n audiovisual, al largometraje documental con t\u00edtulo provisional <strong>Les veus secretes del carrer Ca\u00f1ete<\/strong><\/p>\n<\/article>\n","protected":false},"excerpt":{"rendered":"<p>En cumplimiento de la Ley 2\/2015, de 2 de abril, de la Generalitat, de Transpar\u00e8ncia, Bon Govern i Participaci\u00f3 Ciutadana del Pa\u00eds Valenci\u00e0, publicamos a continuaci\u00f3n la relaci\u00f3n de subvenciones concedidas a Barret Cooperativa Valenciana: Concedente: CulturArts &#8211; Conselleria d\u2019Educaci\u00f3, Cultura i Esport Importe: 60.000 euros Fecha: 31 de diciembre de 2015 Objeto: Ayudas de&hellip;<\/p>\n","protected":false},"author":1,"featured_media":0,"parent":0,"menu_order":0,"comment_status":"closed","ping_status":"closed","template":"","meta":{"_acf_changed":false,"footnotes":""},"class_list":["post-57","page","type-page","status-publish","hentry"],"acf":[],"_links":{"self":[{"href":"https:\/\/www.barret.coop\/cas\/wp-json\/wp\/v2\/pages\/57","targetHints":{"allow":["GET"]}}],"collection":[{"href":"https:\/\/www.barret.coop\/cas\/wp-json\/wp\/v2\/pages"}],"about":[{"href":"https:\/\/www.barret.coop\/cas\/wp-json\/wp\/v2\/types\/page"}],"author":[{"embeddable":true,"href":"https:\/\/www.barret.coop\/cas\/wp-json\/wp\/v2\/users\/1"}],"replies":[{"embeddable":true,"href":"https:\/\/www.barret.coop\/cas\/wp-json\/wp\/v2\/comments?post=57"}],"version-history":[{"count":14,"href":"https:\/\/www.barret.coop\/cas\/wp-json\/wp\/v2\/pages\/57\/revisions"}],"predecessor-version":[{"id":4190,"href":"https:\/\/www.barret.coop\/cas\/wp-json\/wp\/v2\/pages\/57\/revisions\/4190"}],"wp:attachment":[{"href":"https:\/\/www.barret.coop\/cas\/wp-json\/wp\/v2\/media?parent=57"}],"curies":[{"name":"wp","href":"https:\/\/api.w.org\/{rel}","templated":true}]}}