{"id":4087,"date":"2020-07-27T23:48:35","date_gmt":"2020-07-27T21:48:35","guid":{"rendered":"http:\/\/www.barret.coop\/cas\/?page_id=4087"},"modified":"2025-11-05T11:49:00","modified_gmt":"2025-11-05T10:49:00","slug":"citas-academicas","status":"publish","type":"page","link":"https:\/\/www.barret.coop\/cas\/citas-academicas\/","title":{"rendered":"Citas acad\u00e9micas"},"content":{"rendered":"<p>Algunas referencias a nuestro trabajo en publicaciones acad\u00e9micas:<\/p>\n<p><a href=\"https:\/\/docubase.mit.edu\/project\/birth-in-the-21st-century\/\" target=\"_blank\" rel=\"noopener\">Docubase MIT<\/a><br \/>\nMassachusetts Institute of Technology<\/p>\n<p><a href=\"https:\/\/dialnet.unirioja.es\/descarga\/articulo\/8511212.pdf\" target=\"_blank\" rel=\"noopener\">Narrativas jornal\u00edsticas orientadas \u00e0 imers\u00e3o e a inova\u00e7\u00e3o em produtos noticiosos<\/a><br \/>\nAdalton dos Anjos Fonseca \u2013 Revista Comunica\u00e7\u00e3o Midi\u00e1tica<\/p>\n<p><a href=\"https:\/\/www.e-revistes.uji.es\/index.php\/adcomunica\/article\/view\/6713\/7184\" target=\"_blank\" rel=\"noopener noreferrer\">Ecosistema y din\u00e1micas de innovaci\u00f3n en una narraci\u00f3n digital interactiva de \u00e9xito. flujo de trabajo del webdoc Parir en el siglo XXI<br \/>\n<\/a>Mar\u00eda del Mar Grand\u00edo, Juan Miguel Aguado \u2013 Universidad de Murcia<\/p>\n<p><a href=\"https:\/\/repositorio.uasb.edu.ec\/handle\/10644\/10501\" target=\"_blank\" rel=\"noopener\">Documentales interactivos y representaciones del parto: tres casos de estudio<\/a><br \/>\nGabriela del Pilar Koc G\u00f3ngora \u2013 Universidad Andina Sim\u00f3n Bol\u00edvar (Ecuador)<\/p>\n<p><a href=\"https:\/\/erevistas.publicaciones.uah.es\/ojs\/index.php\/pasavento\/article\/view\/721\/204\" target=\"_blank\" rel=\"noopener\">ROMPIENDO EL SISTEMA DE AUTOR\u00cdA: PR\u00c1CTICAS CINEMATOGR\u00c1FICAS COLABORATIVAS Y NARRATIVAS TRANSMEDIALES EN LA ERA DIGITAL<\/a><br \/>\nJuanjo Balaguer P\u00e9rez, Jordi Alberich-Pascual \u2013 Universidad de Granada<\/p>\n<p><a href=\"https:\/\/icjournal-ojs.org\/index.php\/IC-Journal\/article\/view\/780\/533\" target=\"_blank\" rel=\"noopener\">La cr\u00f3nica en los dominios de lo transmedia: posibilidades y desaf\u00edos<\/a><br \/>\nMar\u00eda Angulo Egea, Daniel Horacio Cabrera Altieri, Sergio Fabi\u00e1n Romero <span class=\"highlight selected\">Chamorro \u2013 Revista Cient\u00edfica de Informaci\u00f3n y Comunicaci\u00f3n, Universidad de Sevilla<\/span><\/p>\n<p><a href=\"https:\/\/www.researchgate.net\/profile\/Antonio-Aguilar-15\/publication\/367640164_Evolucion_del_genero_documental_para_la_divulgacion_cientifica_Estudio_del_webdoc_Parkinson_que_tiemble_el_camino\/links\/641d9c7f315dfb4ccea56e97\/Evolucion-del-genero-documental-para-la-divulgacion-cientifica-Estudio-del-webdoc-Parkinson-que-tiemble-el-camino.pdf\" target=\"_blank\" rel=\"noopener\">Evoluci\u00f3n del g\u00e9nero documental para la divulgaci\u00f3n cient\u00edfica. Estudio del webdoc P\u00e1rkinson, que tiemble el camino<\/a><br \/>\nAntonio G\u00f3mez Aguilar \u2013 Universidad de Sevilla<\/p>\n<p><a href=\"https:\/\/www.researchgate.net\/publication\/368461434_La_eclosion_del_webdocumentalismo_valenciano\" target=\"_blank\" rel=\"noopener noreferrer\">La eclosi\u00f3n del webdocumentalismo valenciano<\/a><br \/>\nM\u00c1S ALL\u00c1 DEL DOCUMENTO Derivas y ampliaciones del cine de lo real contempor\u00e1neo. Roberto Arnau Rosell\u00f3, Javier Marzal Felici, Teresa Sorolla Romero (Eds.)<\/p>\n<p><a href=\"https:\/\/minerva.usc.es\/xmlui\/handle\/10347\/17398\" target=\"_blank\" rel=\"noopener noreferrer\">El documental interactivo como formato en los medios audiovisuales: estudio de caso de RTVE y Al Jazeera<\/a><br \/>\nJorg\u00e9 V\u00e1zquez Herrero, Xos\u00e9 L\u00f3pez Garc\u00eda<\/p>\n<p><a href=\"https:\/\/research.umh.es\/vivo\/individual?uri=http%3A%2F%2Fresearch.umh.es%2Fvivo%2Fpub%2Flibro%2F978-84-948233-1-2\" target=\"_blank\" rel=\"noopener noreferrer\">Pistas y tendencias sobre la innovaci\u00f3n period\u00edstica<\/a><br \/>\nJos\u00e9 Alberto Garc\u00eda Avil\u00e9s, profesor del M\u00e1ster en Innovaci\u00f3n en Periodismo (UMH)<\/p>\n<p><a href=\"http:\/\/dspace.uvic.cat\/xmlui\/handle\/10854\/5185\" target=\"_blank\" rel=\"noopener noreferrer\">Aproximaci\u00f3n al potencial colaborativo de la narrativa documental interactiva en los procesos de cambio social<\/a><br \/>\nValentina Moreno Zambrano, Arnau Gifreu Castells &#8211; Revista de estudios culturales de la universitat Jaume I<\/p>\n<p><a href=\"https:\/\/revistadigitos.com\/index.php\/digitos\/article\/view\/11\" target=\"_blank\" rel=\"noopener noreferrer\">El webdoc como nuevo espacio de participacio\u0301n ciudadana: el caso de 0Responsables<\/a><br \/>\nElvira Calatayud &#8211; Revista D\u00edgitos<\/p>\n<p><a href=\"https:\/\/www.researchgate.net\/publication\/321967034_La_ludificacion_informativa_del_docugame_estudio_de_caso_de_Que_tiemble_el_camino_Bugarach_y_Detras_del_paraiso\" target=\"_blank\" rel=\"noopener noreferrer\">La ludificaci\u00f3n informativa del docugame: estudio de caso de Que tiemble el camino, Bugarach y Detr\u00e1s del para\u00edso<\/a><br \/>\nAdriana Paino Ambrosio, M\u00aa Isabel Rodr\u00edguez Fidalgo, Yanira Ruiz Paz &#8211; Revista Sphera Publica (UCAM)<\/p>\n<p><a href=\"https:\/\/dialnet.unirioja.es\/servlet\/articulo?codigo=6252779\" target=\"_blank\" rel=\"noopener noreferrer\">Documental interactivo iberoamericano: proximidad y transformaci\u00f3n social<\/a><br \/>\nJorge V\u00e1zquez Herrero, Gisela Moreno<\/p>\n<p><a href=\"https:\/\/revistadigitos.com\/index.php\/digitos\/article\/view\/11\" target=\"_blank\" rel=\"noopener noreferrer\">El webdoc como nuevo espacio de participacio\u0301n ciudadana: el caso de 0Responsables<\/a><br \/>\nElvira Calatayud &#8211; Revista D\u00edgitos<\/p>\n<p><a href=\"https:\/\/dialnet.unirioja.es\/servlet\/articulo?codigo=6252779\" target=\"_blank\" rel=\"noopener noreferrer\">Documental interactivo iberoamericano: proximidad y transformaci\u00f3n social<\/a><br \/>\nJorge V\u00e1zquez Herrero, Gisela Moreno<\/p>\n<p><a href=\"https:\/\/publications.aston.ac.uk\/id\/eprint\/23968\/\" target=\"_blank\" rel=\"noopener noreferrer\">From the medicalisation of dementia to the politics of memory and identity in three Spanish documentary films<\/a><br \/>\nRaquel Medina &#8211; Aston University<\/p>\n<p><a href=\"https:\/\/d1wqtxts1xzle7.cloudfront.net\/63089442\/Txt_Rev_EMP_2019_Arnau20200425-42503-ehr59j.pdf?1587838978=&amp;response-content-disposition=inline%3B+filename%3DCensura_informativa_y_webdocumental_mani.pdf&amp;Expires=1595881458&amp;Signature=eBEs2Tet-aXLAuMPVTY1qLqn~uXkTu1k2dLHj~DXXvnzfeqvpmCcAZcgGJov1Q79oMjsKZ13-l-5EsOqeOOSI5DQAxln2hlgg-f3WUHbdB~a-aM98kSVRg7P25JHZWDlL7bVJbnZiN-zXiQqQx7jueyl~0w697NbFejUuuycYDOTLaYHa32oIyF13nW0hyaPW5kN4xaRzb2Wr1Z1Ic6sFGuLz1NRNfFM55~9-LeXsJNahusJ7Y7R~xlk6A~VOTQ6Mf9QMpUaZBoJkOFXeP5~kZJYOxK3HdocHg-zDbQY4zWlwPQ1eZBd04ip1jASeZ5GhFs17Lij98L-c~tdxrF2ZA__&amp;Key-Pair-Id=APKAJLOHF5GGSLRBV4ZA\" target=\"_blank\" rel=\"noopener noreferrer\">Censura informativa y webdocumental: manipulaci\u00f3n en RTVV vs. memoria civil<\/a><br \/>\nRoberto Arnau Rosell\u00f3 &#8211; Estudios sobre el Mensaje Period\u00edstico (Ed. Computense)<\/p>\n<p><a href=\"http:\/\/repositori.uji.es\/xmlui\/bitstream\/handle\/10234\/160343\/La%20lucha%20est%c3%a1%20en%20el%20relato.%20Movimientos%20sociales%2c%20narrativas%20transmedia%20y%20cambio%20social.pdf?sequence=1&amp;isAllowed=y\" target=\"_blank\" rel=\"noopener noreferrer\">Aproximaci\u00f3n al potencial colaborativo de la narrativa documental interactiva en los procesos de cambio social<\/a><br \/>\nDiversos &#8211; Universitat de Vic &#8211; Universitat Central de Catalunya<\/p>\n<p><a href=\"https:\/\/www.researchgate.net\/profile\/Jose_Garcia-Aviles\/publication\/318723553_El_webdoc_como_herramienta_de_divulgacion_cientifica_en_Internet_el_caso_del_Lab_de_RTVE_1\/links\/5979c5754585154d23bb91b4\/El-webdoc-como-herramienta-de-divulgacion-cientifica-en-Internet-el-caso-del-Lab-de-RTVE-1.pdf\" target=\"_blank\" rel=\"noopener noreferrer\">El webdoc como herramienta de divulgaci\u00f3n cient\u00edfica en internet: el caso del Lab de RTVE<\/a><br \/>\nDiversos &#8211; Editorial UOC<\/p>\n<p><a href=\"https:\/\/revistas.usal.es\/index.php\/2172-9077\/article\/view\/20379\" target=\"_blank\" rel=\"noopener noreferrer\">El webdoc como herramienta en la lucha por la igualdad: En la brecha (2018) del Lab RTVE<\/a><br \/>\nDra. Mar\u00eda Purificaci\u00f3n Subires Mancera (Universidad de Salamanca)<\/p>\n<p><a href=\"https:\/\/books.google.es\/books?hl=ca&amp;lr=&amp;id=5H5xDwAAQBAJ&amp;oi=fnd&amp;pg=PA11&amp;dq=%22barret+films%22&amp;ots=pXXem4hSQ2&amp;sig=LFqR3kZ8qeKptJyTd_5p-tH8U6I&amp;redir_esc=y#v=onepage&amp;q=%22barret%20films%22&amp;f=false\" target=\"_blank\" rel=\"noopener noreferrer\">Calidad informativa y nuevas narrativas<\/a><br \/>\nDiversos &#8211; Ed. Egregius<\/p>\n<p><a href=\"https:\/\/www.researchgate.net\/profile\/Alba_Garcia-Ortega\/publication\/326300067_Gamificacion_del_contenido_periodistico_para_mejorar_el_engagement_analisis_de_cuatro_casos_de_exito\/links\/5b44a9200f7e9b1c722063e6\/Gamificacion-del-contenido-periodistico-para-mejorar-el-engagement-analisis-de-cuatro-casos-de-exito.pdf\" target=\"_blank\" rel=\"noopener noreferrer\">Gamificaci\u00f3n del contenido period\u00edstico para mejorar el engagement<\/a><br \/>\nAlba Garc\u00eda Ortega y Jos\u00e9 Alberto Garc\u00eda Avil\u00e9s &#8211; Universitat Miguel Hern\u00e1ndez<\/p>\n<p><a href=\"https:\/\/digitum.um.es\/digitum\/bitstream\/10201\/45799\/1\/Documentalidad.%20Cine%20sin%20autori%cc%81a%2c%20pedagogi%cc%81as%20visuales%20colectivas%20y%20valor%20afectivo%20Virginia%20Villaplana%20Ruizcac83.pdf\" target=\"_blank\" rel=\"noopener\">Revisitando el cine documental: de Flaherty al webdoc<\/a><br \/>\nDiversos autors &#8211; Cuadernos Artesanos de Comunicaci\u00f3n<\/p>\n","protected":false},"excerpt":{"rendered":"<p>Algunas referencias a nuestro trabajo en publicaciones acad\u00e9micas: Docubase MIT Massachusetts Institute of Technology Narrativas jornal\u00edsticas orientadas \u00e0 imers\u00e3o e a inova\u00e7\u00e3o em produtos noticiosos Adalton dos Anjos Fonseca \u2013 Revista Comunica\u00e7\u00e3o Midi\u00e1tica Ecosistema y din\u00e1micas de innovaci\u00f3n en una narraci\u00f3n digital interactiva de \u00e9xito. flujo de trabajo del webdoc Parir en el siglo XXI&hellip;<\/p>\n","protected":false},"author":1,"featured_media":0,"parent":0,"menu_order":0,"comment_status":"closed","ping_status":"closed","template":"","meta":{"_acf_changed":false,"footnotes":""},"class_list":["post-4087","page","type-page","status-publish","hentry"],"acf":[],"_links":{"self":[{"href":"https:\/\/www.barret.coop\/cas\/wp-json\/wp\/v2\/pages\/4087","targetHints":{"allow":["GET"]}}],"collection":[{"href":"https:\/\/www.barret.coop\/cas\/wp-json\/wp\/v2\/pages"}],"about":[{"href":"https:\/\/www.barret.coop\/cas\/wp-json\/wp\/v2\/types\/page"}],"author":[{"embeddable":true,"href":"https:\/\/www.barret.coop\/cas\/wp-json\/wp\/v2\/users\/1"}],"replies":[{"embeddable":true,"href":"https:\/\/www.barret.coop\/cas\/wp-json\/wp\/v2\/comments?post=4087"}],"version-history":[{"count":14,"href":"https:\/\/www.barret.coop\/cas\/wp-json\/wp\/v2\/pages\/4087\/revisions"}],"predecessor-version":[{"id":4200,"href":"https:\/\/www.barret.coop\/cas\/wp-json\/wp\/v2\/pages\/4087\/revisions\/4200"}],"wp:attachment":[{"href":"https:\/\/www.barret.coop\/cas\/wp-json\/wp\/v2\/media?parent=4087"}],"curies":[{"name":"wp","href":"https:\/\/api.w.org\/{rel}","templated":true}]}}