{"id":2288,"date":"2015-03-13T08:31:44","date_gmt":"2015-03-13T08:31:44","guid":{"rendered":"http:\/\/demo-content.kaliumtheme.com\/agency\/?page_id=2288"},"modified":"2025-03-25T12:28:39","modified_gmt":"2025-03-25T11:28:39","slug":"contacto","status":"publish","type":"page","link":"https:\/\/www.barret.coop\/cas\/contacto\/","title":{"rendered":"Contacto"},"content":{"rendered":"<div class=\"wpb-content-wrapper\"><p>[vc_row css=\u00bb.vc_custom_1426235882892{padding-top: 30px !important;}\u00bb][vc_column width=\u00bb1\/2&#8243; reveal_effect=\u00bbfadeIn\u00bb reveal_duration=\u00bb1&#8243; reveal_delay=\u00bb0.3&#8243;][vc_column_text]Somos una productora de documentales y queremos explorar formatos y relaciones con el p\u00fablico que promuevan la participaci\u00f3n y la transformaci\u00f3n social. Somos una cooperativa de trabajo asociado, afiliada a <a href=\"https:\/\/www.fevecta.coop\/\" target=\"_blank\" rel=\"noopener noreferrer\">FEVECTA<\/a> y a <a href=\"https:\/\/xeas.org\/\" target=\"_blank\" rel=\"noopener\">XEAS Pa\u00eds Valenci\u00e0<\/a>.<\/p>\n<p>Estamos en Val\u00e8ncia y nos puedes encontrar en: <a href=\"mailto:hola@barret.coop\">hola@barret.coop<\/a> (<a href=\"https:\/\/keys.openpgp.org\/vks\/v1\/by-fingerprint\/3A4D4B5528DA456E3DCC37778E00748AD6FA469F\" target=\"_blank\" rel=\"noopener noreferrer\">clave PGP\/GPG p\u00fablica<\/a>).<\/p>\n<p><a href=\"https:\/\/www.worldpressphoto.org\/barret-cooperativa\" target=\"_blank\" rel=\"noopener\">Tenemos una p\u00e1gina en la web de World Press Photo \ud83e\udee0<\/a>[\/vc_column_text][vc_single_image image=\u00bb4184&#8243; img_size=\u00bblarge\u00bb alignment=\u00bbcenter\u00bb][\/vc_column][vc_column width=\u00bb1\/2&#8243;][\/vc_column][\/vc_row]<\/p>\n<\/div>","protected":false},"excerpt":{"rendered":"<p>[vc_row css=\u00bb.vc_custom_1426235882892{padding-top: 30px !important;}\u00bb][vc_column width=\u00bb1\/2&#8243; reveal_effect=\u00bbfadeIn\u00bb reveal_duration=\u00bb1&#8243; reveal_delay=\u00bb0.3&#8243;][vc_column_text]Somos una productora de documentales y queremos explorar formatos y relaciones con el p\u00fablico que promuevan la participaci\u00f3n y la transformaci\u00f3n social. Somos una cooperativa de trabajo asociado, afiliada a FEVECTA y a XEAS Pa\u00eds Valenci\u00e0. Estamos en Val\u00e8ncia y nos puedes encontrar en: hola@barret.coop (clave PGP\/GPG p\u00fablica).&hellip;<\/p>\n","protected":false},"author":1,"featured_media":0,"parent":0,"menu_order":0,"comment_status":"open","ping_status":"open","template":"","meta":{"_acf_changed":false,"footnotes":""},"class_list":["post-2288","page","type-page","status-publish","hentry"],"acf":[],"_links":{"self":[{"href":"https:\/\/www.barret.coop\/cas\/wp-json\/wp\/v2\/pages\/2288","targetHints":{"allow":["GET"]}}],"collection":[{"href":"https:\/\/www.barret.coop\/cas\/wp-json\/wp\/v2\/pages"}],"about":[{"href":"https:\/\/www.barret.coop\/cas\/wp-json\/wp\/v2\/types\/page"}],"author":[{"embeddable":true,"href":"https:\/\/www.barret.coop\/cas\/wp-json\/wp\/v2\/users\/1"}],"replies":[{"embeddable":true,"href":"https:\/\/www.barret.coop\/cas\/wp-json\/wp\/v2\/comments?post=2288"}],"version-history":[{"count":13,"href":"https:\/\/www.barret.coop\/cas\/wp-json\/wp\/v2\/pages\/2288\/revisions"}],"predecessor-version":[{"id":4189,"href":"https:\/\/www.barret.coop\/cas\/wp-json\/wp\/v2\/pages\/2288\/revisions\/4189"}],"wp:attachment":[{"href":"https:\/\/www.barret.coop\/cas\/wp-json\/wp\/v2\/media?parent=2288"}],"curies":[{"name":"wp","href":"https:\/\/api.w.org\/{rel}","templated":true}]}}